{"id":16,"date":"2025-05-06T17:39:22","date_gmt":"2025-05-06T15:39:22","guid":{"rendered":"https:\/\/piterac.com\/?page_id=16"},"modified":"2025-05-12T22:30:25","modified_gmt":"2025-05-12T20:30:25","slug":"mentions-legales","status":"publish","type":"page","link":"https:\/\/piterac.com\/?page_id=16","title":{"rendered":"Mentions l\u00e9gales"},"content":{"rendered":"\t\t<div data-elementor-type=\"wp-post\" data-elementor-id=\"16\" class=\"elementor elementor-16\">\n\t\t\t\t<div class=\"elementor-element elementor-element-bda3802 e-flex e-con-boxed wpr-particle-no wpr-jarallax-no wpr-parallax-no wpr-sticky-section-no wpr-equal-height-no e-con e-parent\" data-id=\"bda3802\" data-element_type=\"container\" data-e-type=\"container\">\n\t\t\t\t\t<div class=\"e-con-inner\">\n\t\t\t\t<div class=\"elementor-element elementor-element-f21451d elementor-widget elementor-widget-text-editor\" data-id=\"f21451d\" data-element_type=\"widget\" data-e-type=\"widget\" data-widget_type=\"text-editor.default\">\n\t\t\t\t<div class=\"elementor-widget-container\">\n\t\t\t\t\t\t\t\t\t<h2 class=\"\" data-start=\"171\" data-end=\"190\">Mentions l\u00e9gales<\/h2><h3 class=\"\" data-start=\"192\" data-end=\"211\">\u00c9diteur du site<\/h3><p class=\"\" data-start=\"213\" data-end=\"465\">Le site <a class=\"\" href=\"https:\/\/www.piterac.com\" target=\"_new\" rel=\"noopener\" data-start=\"221\" data-end=\"263\">www.piterac.com<\/a> est \u00e9dit\u00e9 par la soci\u00e9t\u00e9 <strong data-start=\"289\" data-end=\"301\">OMAH FAB<\/strong>, soci\u00e9t\u00e9 par actions simplifi\u00e9e (SAS) au capital de <strong data-start=\"354\" data-end=\"366\">10 000 \u20ac<\/strong>, immatricul\u00e9e au <strong data-start=\"384\" data-end=\"433\">Registre du Commerce et des Soci\u00e9t\u00e9s de N\u00eemes<\/strong> sous le num\u00e9ro <strong data-start=\"449\" data-end=\"464\">933 389 876<\/strong>.<\/p><ul data-start=\"467\" data-end=\"699\"><li class=\"\" data-start=\"467\" data-end=\"528\"><p class=\"\" data-start=\"469\" data-end=\"528\"><strong data-start=\"469\" data-end=\"485\">Si\u00e8ge social<\/strong> : 194 chemin d&rsquo;Avene, 30100 Al\u00e8s, France<\/p><\/li><li class=\"\" data-start=\"529\" data-end=\"585\"><p class=\"\" data-start=\"531\" data-end=\"585\"><strong data-start=\"531\" data-end=\"567\">Num\u00e9ro de TVA intracommunautaire<\/strong> : FR24933389876<\/p><\/li><li class=\"\" data-start=\"586\" data-end=\"638\"><p class=\"\" data-start=\"588\" data-end=\"638\"><strong data-start=\"588\" data-end=\"620\">Directrice de la publication<\/strong> : Pascale Jacob<\/p><\/li><li class=\"\" data-start=\"639\" data-end=\"699\"><p class=\"\" data-start=\"641\" data-end=\"699\"><strong data-start=\"641\" data-end=\"652\">Contact<\/strong> : contact@piterac.com<\/p><\/li><\/ul><h3 class=\"\" data-start=\"701\" data-end=\"714\">H\u00e9bergeur<\/h3><p class=\"\" data-start=\"716\" data-end=\"741\">Le site est h\u00e9berg\u00e9 par :<\/p><p class=\"\" data-start=\"743\" data-end=\"882\"><strong data-start=\"743\" data-end=\"754\">OVH SAS<\/strong><br data-start=\"754\" data-end=\"757\" \/>2 rue Kellermann<br data-start=\"773\" data-end=\"776\" \/>59100 Roubaix \u2013 France<br data-start=\"798\" data-end=\"801\" \/>RCS Lille M\u00e9tropole 424 761 419 00045<br data-start=\"838\" data-end=\"841\" \/>Site : <a class=\"\" href=\"https:\/\/www.ovh.com\" target=\"_new\" rel=\"noopener\" data-start=\"848\" data-end=\"882\">www.ovh.com<\/a><\/p><h3 class=\"\" data-start=\"884\" data-end=\"912\">Propri\u00e9t\u00e9 intellectuelle<\/h3><p class=\"\" data-start=\"914\" data-end=\"1284\">L\u2019ensemble du contenu du site <a class=\"\" href=\"https:\/\/www.piterac.com\" target=\"_new\" rel=\"noopener\" data-start=\"944\" data-end=\"986\">www.piterac.com<\/a>, incluant, de fa\u00e7on non limitative, les graphismes, images, textes, vid\u00e9os, animations, sons, logos, gifs et ic\u00f4nes ainsi que leur mise en forme sont la propri\u00e9t\u00e9 exclusive de la soci\u00e9t\u00e9 OMAH FAB, \u00e0 l\u2019exception des marques, logos ou contenus appartenant \u00e0 d\u2019autres soci\u00e9t\u00e9s partenaires ou auteurs.<\/p><p class=\"\" data-start=\"1286\" data-end=\"1488\">Toute reproduction, distribution, modification, adaptation, retransmission ou publication, m\u00eame partielle, de ces diff\u00e9rents \u00e9l\u00e9ments est strictement interdite sans l\u2019accord \u00e9crit pr\u00e9alable de OMAH FAB.<\/p><h3 class=\"\" data-start=\"1490\" data-end=\"1514\">Donn\u00e9es personnelles<\/h3><p class=\"\" data-start=\"1516\" data-end=\"1707\">Conform\u00e9ment au R\u00e8glement G\u00e9n\u00e9ral sur la Protection des Donn\u00e9es (RGPD), vous disposez d\u2019un droit d\u2019acc\u00e8s, de rectification, de suppression et d\u2019opposition concernant vos donn\u00e9es personnelles.<\/p><p class=\"\" data-start=\"1709\" data-end=\"1796\">Pour exercer ce droit, vous pouvez nous contacter \u00e0 l\u2019adresse suivante : [\u00e0 compl\u00e9ter].<\/p><h3 class=\"\" data-start=\"1798\" data-end=\"1809\">Cookies<\/h3><p class=\"\" data-start=\"1811\" data-end=\"2036\">Le site <a class=\"\" href=\"https:\/\/www.piterac.com\" target=\"_new\" rel=\"noopener\" data-start=\"1819\" data-end=\"1861\">www.piterac.com<\/a> utilise des cookies pour am\u00e9liorer l\u2019exp\u00e9rience utilisateur. Vous pouvez \u00e0 tout moment refuser l\u2019utilisation de ces cookies en configurant les param\u00e8tres de votre navigateur.<\/p><h3 class=\"\" data-start=\"2038\" data-end=\"2058\">Droit applicable<\/h3><p class=\"\" data-start=\"2060\" data-end=\"2204\">Le pr\u00e9sent site est soumis au <strong data-start=\"2090\" data-end=\"2108\">droit fran\u00e7ais<\/strong>. En cas de litige, les tribunaux comp\u00e9tents seront ceux du ressort de la Cour d\u2019appel de N\u00eemes.<\/p>\t\t\t\t\t\t\t\t<\/div>\n\t\t\t\t<\/div>\n\t\t\t\t\t<\/div>\n\t\t\t\t<\/div>\n\t\t\t\t<\/div>\n\t\t","protected":false},"excerpt":{"rendered":"<p>Mentions l\u00e9gales \u00c9diteur du site Le site www.piterac.com est \u00e9dit\u00e9 par la soci\u00e9t\u00e9 OMAH FAB, soci\u00e9t\u00e9 par actions simplifi\u00e9e (SAS) au capital de 10 000 \u20ac, immatricul\u00e9e au Registre du Commerce et des Soci\u00e9t\u00e9s de N\u00eemes sous le num\u00e9ro 933 389 876. Si\u00e8ge social : 194 chemin d&rsquo;Avene, 30100 Al\u00e8s, France Num\u00e9ro de TVA intracommunautaire : FR24933389876 Directrice de la publication : Pascale Jacob Contact : contact@piterac.com H\u00e9bergeur Le site est h\u00e9berg\u00e9 par : OVH SAS2 rue Kellermann59100 Roubaix \u2013 FranceRCS Lille M\u00e9tropole 424 761 419 00045Site : www.ovh.com Propri\u00e9t\u00e9 intellectuelle L\u2019ensemble du contenu du site www.piterac.com, incluant, de fa\u00e7on non limitative, les graphismes, images, textes, vid\u00e9os, animations, sons, logos, gifs et ic\u00f4nes ainsi que leur mise en forme sont la propri\u00e9t\u00e9 exclusive de la soci\u00e9t\u00e9 OMAH FAB, \u00e0 l\u2019exception des marques, logos ou contenus appartenant \u00e0 d\u2019autres soci\u00e9t\u00e9s partenaires ou auteurs. Toute reproduction, distribution, modification, adaptation, retransmission ou publication, m\u00eame partielle, de ces diff\u00e9rents \u00e9l\u00e9ments est strictement interdite sans l\u2019accord \u00e9crit pr\u00e9alable de OMAH FAB. Donn\u00e9es personnelles Conform\u00e9ment au R\u00e8glement G\u00e9n\u00e9ral sur la Protection des Donn\u00e9es (RGPD), vous disposez d\u2019un droit d\u2019acc\u00e8s, de rectification, de suppression et d\u2019opposition concernant vos donn\u00e9es personnelles. Pour exercer ce droit, vous pouvez nous contacter \u00e0 l\u2019adresse suivante : [\u00e0 compl\u00e9ter]. Cookies Le site www.piterac.com utilise des cookies pour am\u00e9liorer l\u2019exp\u00e9rience utilisateur. Vous pouvez \u00e0 tout moment refuser l\u2019utilisation de ces cookies en configurant les param\u00e8tres de votre navigateur. Droit applicable Le pr\u00e9sent site est soumis au droit fran\u00e7ais. En cas de litige, les tribunaux comp\u00e9tents seront ceux du ressort de la Cour d\u2019appel de N\u00eemes.<\/p>\n","protected":false},"author":1,"featured_media":0,"parent":0,"menu_order":0,"comment_status":"closed","ping_status":"closed","template":"","meta":{"footnotes":""},"class_list":["post-16","page","type-page","status-publish","hentry"],"yoast_head":"<!-- This site is optimized with the Yoast SEO plugin v27.5 - https:\/\/yoast.com\/product\/yoast-seo-wordpress\/ -->\n<title>Mentions l\u00e9gales - piterac<\/title>\n<meta name=\"robots\" content=\"index, follow, max-snippet:-1, max-image-preview:large, max-video-preview:-1\" \/>\n<link rel=\"canonical\" href=\"https:\/\/piterac.com\/?page_id=16\" \/>\n<meta property=\"og:locale\" content=\"fr_FR\" \/>\n<meta property=\"og:type\" content=\"article\" \/>\n<meta property=\"og:title\" content=\"Mentions l\u00e9gales - piterac\" \/>\n<meta property=\"og:description\" content=\"Mentions l\u00e9gales \u00c9diteur du site Le site www.piterac.com est \u00e9dit\u00e9 par la soci\u00e9t\u00e9 OMAH FAB, soci\u00e9t\u00e9 par actions simplifi\u00e9e (SAS) au capital de 10 000 \u20ac, immatricul\u00e9e au Registre du Commerce et des Soci\u00e9t\u00e9s de N\u00eemes sous le num\u00e9ro 933 389 876. Si\u00e8ge social : 194 chemin d&rsquo;Avene, 30100 Al\u00e8s, France Num\u00e9ro de TVA intracommunautaire : FR24933389876 Directrice de la publication : Pascale Jacob Contact : contact@piterac.com H\u00e9bergeur Le site est h\u00e9berg\u00e9 par : OVH SAS2 rue Kellermann59100 Roubaix \u2013 FranceRCS Lille M\u00e9tropole 424 761 419 00045Site : www.ovh.com Propri\u00e9t\u00e9 intellectuelle L\u2019ensemble du contenu du site www.piterac.com, incluant, de fa\u00e7on non limitative, les graphismes, images, textes, vid\u00e9os, animations, sons, logos, gifs et ic\u00f4nes ainsi que leur mise en forme sont la propri\u00e9t\u00e9 exclusive de la soci\u00e9t\u00e9 OMAH FAB, \u00e0 l\u2019exception des marques, logos ou contenus appartenant \u00e0 d\u2019autres soci\u00e9t\u00e9s partenaires ou auteurs. Toute reproduction, distribution, modification, adaptation, retransmission ou publication, m\u00eame partielle, de ces diff\u00e9rents \u00e9l\u00e9ments est strictement interdite sans l\u2019accord \u00e9crit pr\u00e9alable de OMAH FAB. Donn\u00e9es personnelles Conform\u00e9ment au R\u00e8glement G\u00e9n\u00e9ral sur la Protection des Donn\u00e9es (RGPD), vous disposez d\u2019un droit d\u2019acc\u00e8s, de rectification, de suppression et d\u2019opposition concernant vos donn\u00e9es personnelles. Pour exercer ce droit, vous pouvez nous contacter \u00e0 l\u2019adresse suivante : [\u00e0 compl\u00e9ter]. Cookies Le site www.piterac.com utilise des cookies pour am\u00e9liorer l\u2019exp\u00e9rience utilisateur. Vous pouvez \u00e0 tout moment refuser l\u2019utilisation de ces cookies en configurant les param\u00e8tres de votre navigateur. Droit applicable Le pr\u00e9sent site est soumis au droit fran\u00e7ais. En cas de litige, les tribunaux comp\u00e9tents seront ceux du ressort de la Cour d\u2019appel de N\u00eemes.\" \/>\n<meta property=\"og:url\" content=\"https:\/\/piterac.com\/?page_id=16\" \/>\n<meta property=\"og:site_name\" content=\"piterac\" \/>\n<meta property=\"article:modified_time\" content=\"2025-05-12T20:30:25+00:00\" \/>\n<meta name=\"twitter:card\" content=\"summary_large_image\" \/>\n<meta name=\"twitter:label1\" content=\"Dur\u00e9e de lecture estim\u00e9e\" \/>\n\t<meta name=\"twitter:data1\" content=\"2 minutes\" \/>\n<script type=\"application\/ld+json\" class=\"yoast-schema-graph\">{\"@context\":\"https:\\\/\\\/schema.org\",\"@graph\":[{\"@type\":\"WebPage\",\"@id\":\"https:\\\/\\\/piterac.com\\\/?page_id=16\",\"url\":\"https:\\\/\\\/piterac.com\\\/?page_id=16\",\"name\":\"Mentions l\u00e9gales - piterac\",\"isPartOf\":{\"@id\":\"https:\\\/\\\/piterac.com\\\/#website\"},\"datePublished\":\"2025-05-06T15:39:22+00:00\",\"dateModified\":\"2025-05-12T20:30:25+00:00\",\"breadcrumb\":{\"@id\":\"https:\\\/\\\/piterac.com\\\/?page_id=16#breadcrumb\"},\"inLanguage\":\"fr-FR\",\"potentialAction\":[{\"@type\":\"ReadAction\",\"target\":[\"https:\\\/\\\/piterac.com\\\/?page_id=16\"]}]},{\"@type\":\"BreadcrumbList\",\"@id\":\"https:\\\/\\\/piterac.com\\\/?page_id=16#breadcrumb\",\"itemListElement\":[{\"@type\":\"ListItem\",\"position\":1,\"name\":\"Accueil\",\"item\":\"https:\\\/\\\/piterac.com\\\/\"},{\"@type\":\"ListItem\",\"position\":2,\"name\":\"Mentions l\u00e9gales\"}]},{\"@type\":\"WebSite\",\"@id\":\"https:\\\/\\\/piterac.com\\\/#website\",\"url\":\"https:\\\/\\\/piterac.com\\\/\",\"name\":\"piterac\",\"description\":\"PITERAC\u00a9 est une installation nomade ou stationnaire, temporaire ou permanente d\u2019h\u00e9bergement et de secours destin\u00e9 aux zones inondables. Le ch\u00e2ssis t\u00e9lescopique permet d\u2019assurer 3 fonctions essentielles au module car c\u2019est une r\u00e9sidence transitoire, mobile et non submersible. Ainsi le module peut \u00eatre mis en station en zone inondable pour servir de lieu refuge pour la population ou de secours pour les pompiers. Son ch\u00e2ssis roulant lui permet, une fois repli\u00e9, d\u2019\u00eatre remorqu\u00e9 sur route ou transport\u00e9 par camion ou container. Enfin son dispositif d\u2019\u00e9l\u00e9vation lui permet de flotter au-dessus de l\u2019eau pour pr\u00e9server les personnes et les biens.\",\"publisher\":{\"@id\":\"https:\\\/\\\/piterac.com\\\/#organization\"},\"potentialAction\":[{\"@type\":\"SearchAction\",\"target\":{\"@type\":\"EntryPoint\",\"urlTemplate\":\"https:\\\/\\\/piterac.com\\\/?s={search_term_string}\"},\"query-input\":{\"@type\":\"PropertyValueSpecification\",\"valueRequired\":true,\"valueName\":\"search_term_string\"}}],\"inLanguage\":\"fr-FR\"},{\"@type\":\"Organization\",\"@id\":\"https:\\\/\\\/piterac.com\\\/#organization\",\"name\":\"piterac\",\"url\":\"https:\\\/\\\/piterac.com\\\/\",\"logo\":{\"@type\":\"ImageObject\",\"inLanguage\":\"fr-FR\",\"@id\":\"https:\\\/\\\/piterac.com\\\/#\\\/schema\\\/logo\\\/image\\\/\",\"url\":\"https:\\\/\\\/piterac.com\\\/wp-content\\\/uploads\\\/2025\\\/05\\\/logo_PITERAC_couleur-1-scaled.png\",\"contentUrl\":\"https:\\\/\\\/piterac.com\\\/wp-content\\\/uploads\\\/2025\\\/05\\\/logo_PITERAC_couleur-1-scaled.png\",\"width\":2560,\"height\":640,\"caption\":\"piterac\"},\"image\":{\"@id\":\"https:\\\/\\\/piterac.com\\\/#\\\/schema\\\/logo\\\/image\\\/\"}}]}<\/script>\n<!-- \/ Yoast SEO plugin. -->","yoast_head_json":{"title":"Mentions l\u00e9gales - piterac","robots":{"index":"index","follow":"follow","max-snippet":"max-snippet:-1","max-image-preview":"max-image-preview:large","max-video-preview":"max-video-preview:-1"},"canonical":"https:\/\/piterac.com\/?page_id=16","og_locale":"fr_FR","og_type":"article","og_title":"Mentions l\u00e9gales - piterac","og_description":"Mentions l\u00e9gales \u00c9diteur du site Le site www.piterac.com est \u00e9dit\u00e9 par la soci\u00e9t\u00e9 OMAH FAB, soci\u00e9t\u00e9 par actions simplifi\u00e9e (SAS) au capital de 10 000 \u20ac, immatricul\u00e9e au Registre du Commerce et des Soci\u00e9t\u00e9s de N\u00eemes sous le num\u00e9ro 933 389 876. Si\u00e8ge social : 194 chemin d&rsquo;Avene, 30100 Al\u00e8s, France Num\u00e9ro de TVA intracommunautaire : FR24933389876 Directrice de la publication : Pascale Jacob Contact : contact@piterac.com H\u00e9bergeur Le site est h\u00e9berg\u00e9 par : OVH SAS2 rue Kellermann59100 Roubaix \u2013 FranceRCS Lille M\u00e9tropole 424 761 419 00045Site : www.ovh.com Propri\u00e9t\u00e9 intellectuelle L\u2019ensemble du contenu du site www.piterac.com, incluant, de fa\u00e7on non limitative, les graphismes, images, textes, vid\u00e9os, animations, sons, logos, gifs et ic\u00f4nes ainsi que leur mise en forme sont la propri\u00e9t\u00e9 exclusive de la soci\u00e9t\u00e9 OMAH FAB, \u00e0 l\u2019exception des marques, logos ou contenus appartenant \u00e0 d\u2019autres soci\u00e9t\u00e9s partenaires ou auteurs. Toute reproduction, distribution, modification, adaptation, retransmission ou publication, m\u00eame partielle, de ces diff\u00e9rents \u00e9l\u00e9ments est strictement interdite sans l\u2019accord \u00e9crit pr\u00e9alable de OMAH FAB. Donn\u00e9es personnelles Conform\u00e9ment au R\u00e8glement G\u00e9n\u00e9ral sur la Protection des Donn\u00e9es (RGPD), vous disposez d\u2019un droit d\u2019acc\u00e8s, de rectification, de suppression et d\u2019opposition concernant vos donn\u00e9es personnelles. Pour exercer ce droit, vous pouvez nous contacter \u00e0 l\u2019adresse suivante : [\u00e0 compl\u00e9ter]. Cookies Le site www.piterac.com utilise des cookies pour am\u00e9liorer l\u2019exp\u00e9rience utilisateur. Vous pouvez \u00e0 tout moment refuser l\u2019utilisation de ces cookies en configurant les param\u00e8tres de votre navigateur. Droit applicable Le pr\u00e9sent site est soumis au droit fran\u00e7ais. En cas de litige, les tribunaux comp\u00e9tents seront ceux du ressort de la Cour d\u2019appel de N\u00eemes.","og_url":"https:\/\/piterac.com\/?page_id=16","og_site_name":"piterac","article_modified_time":"2025-05-12T20:30:25+00:00","twitter_card":"summary_large_image","twitter_misc":{"Dur\u00e9e de lecture estim\u00e9e":"2 minutes"},"schema":{"@context":"https:\/\/schema.org","@graph":[{"@type":"WebPage","@id":"https:\/\/piterac.com\/?page_id=16","url":"https:\/\/piterac.com\/?page_id=16","name":"Mentions l\u00e9gales - piterac","isPartOf":{"@id":"https:\/\/piterac.com\/#website"},"datePublished":"2025-05-06T15:39:22+00:00","dateModified":"2025-05-12T20:30:25+00:00","breadcrumb":{"@id":"https:\/\/piterac.com\/?page_id=16#breadcrumb"},"inLanguage":"fr-FR","potentialAction":[{"@type":"ReadAction","target":["https:\/\/piterac.com\/?page_id=16"]}]},{"@type":"BreadcrumbList","@id":"https:\/\/piterac.com\/?page_id=16#breadcrumb","itemListElement":[{"@type":"ListItem","position":1,"name":"Accueil","item":"https:\/\/piterac.com\/"},{"@type":"ListItem","position":2,"name":"Mentions l\u00e9gales"}]},{"@type":"WebSite","@id":"https:\/\/piterac.com\/#website","url":"https:\/\/piterac.com\/","name":"piterac","description":"PITERAC\u00a9 est une installation nomade ou stationnaire, temporaire ou permanente d\u2019h\u00e9bergement et de secours destin\u00e9 aux zones inondables. Le ch\u00e2ssis t\u00e9lescopique permet d\u2019assurer 3 fonctions essentielles au module car c\u2019est une r\u00e9sidence transitoire, mobile et non submersible. Ainsi le module peut \u00eatre mis en station en zone inondable pour servir de lieu refuge pour la population ou de secours pour les pompiers. Son ch\u00e2ssis roulant lui permet, une fois repli\u00e9, d\u2019\u00eatre remorqu\u00e9 sur route ou transport\u00e9 par camion ou container. Enfin son dispositif d\u2019\u00e9l\u00e9vation lui permet de flotter au-dessus de l\u2019eau pour pr\u00e9server les personnes et les biens.","publisher":{"@id":"https:\/\/piterac.com\/#organization"},"potentialAction":[{"@type":"SearchAction","target":{"@type":"EntryPoint","urlTemplate":"https:\/\/piterac.com\/?s={search_term_string}"},"query-input":{"@type":"PropertyValueSpecification","valueRequired":true,"valueName":"search_term_string"}}],"inLanguage":"fr-FR"},{"@type":"Organization","@id":"https:\/\/piterac.com\/#organization","name":"piterac","url":"https:\/\/piterac.com\/","logo":{"@type":"ImageObject","inLanguage":"fr-FR","@id":"https:\/\/piterac.com\/#\/schema\/logo\/image\/","url":"https:\/\/piterac.com\/wp-content\/uploads\/2025\/05\/logo_PITERAC_couleur-1-scaled.png","contentUrl":"https:\/\/piterac.com\/wp-content\/uploads\/2025\/05\/logo_PITERAC_couleur-1-scaled.png","width":2560,"height":640,"caption":"piterac"},"image":{"@id":"https:\/\/piterac.com\/#\/schema\/logo\/image\/"}}]}},"jetpack_sharing_enabled":true,"_links":{"self":[{"href":"https:\/\/piterac.com\/index.php?rest_route=\/wp\/v2\/pages\/16","targetHints":{"allow":["GET"]}}],"collection":[{"href":"https:\/\/piterac.com\/index.php?rest_route=\/wp\/v2\/pages"}],"about":[{"href":"https:\/\/piterac.com\/index.php?rest_route=\/wp\/v2\/types\/page"}],"author":[{"embeddable":true,"href":"https:\/\/piterac.com\/index.php?rest_route=\/wp\/v2\/users\/1"}],"replies":[{"embeddable":true,"href":"https:\/\/piterac.com\/index.php?rest_route=%2Fwp%2Fv2%2Fcomments&post=16"}],"version-history":[{"count":5,"href":"https:\/\/piterac.com\/index.php?rest_route=\/wp\/v2\/pages\/16\/revisions"}],"predecessor-version":[{"id":154,"href":"https:\/\/piterac.com\/index.php?rest_route=\/wp\/v2\/pages\/16\/revisions\/154"}],"wp:attachment":[{"href":"https:\/\/piterac.com\/index.php?rest_route=%2Fwp%2Fv2%2Fmedia&parent=16"}],"curies":[{"name":"wp","href":"https:\/\/api.w.org\/{rel}","templated":true}]}}